{"id":26,"date":"2024-01-03T11:06:22","date_gmt":"2024-01-03T11:06:22","guid":{"rendered":"http:\/\/192.168.0.130:10046\/?page_id=26"},"modified":"2024-09-19T14:42:25","modified_gmt":"2024-09-19T14:42:25","slug":"urunler","status":"publish","type":"page","link":"https:\/\/www.mimaksan.com\/ar\/urunler\/","title":{"rendered":"\u0645\u0646\u062a\u062c\u0627\u062a"},"content":{"rendered":"<div data-elementor-type=\"wp-page\" data-elementor-id=\"26\" class=\"elementor elementor-26\">\n\t\t\t\t\r\n\t\t<div class=\"default no-position show_shadow rs-sticky-default elementor-element elementor-element-4264cf63 e-flex e-con-boxed e-con e-parent\" data-id=\"4264cf63\" data-element_type=\"container\" data-settings=\"{&quot;background_background&quot;:&quot;classic&quot;}\">\n\t\t\t\t\t<div class=\"e-con-inner\">\n\t\t\r\n\t\t\t\t<div class=\"elementor-element elementor-element-47a6b69d elementor-widget elementor-widget-rs-service-slider\" data-id=\"47a6b69d\" data-element_type=\"widget\" data-widget_type=\"rs-service-slider.default\">\n\t\t\t\t<div class=\"elementor-widget-container\">\n\t\t\t        \r\n                <div class=\"rsaddon-unique-slider rs-unique-grid-services\">\r\n            <div class=\"rs-addon-slider rs-services-slider service-style-1 row\">\r\n        \r\n                <div class=\"grid-item col-lg-4 col-md-6\">\r\n    <div class=\"rs-service-slider\">\r\n                    <div class=\"service-img\">\r\n                <img decoding=\"async\" src=\"https:\/\/www.mimaksan.com\/wp-content\/uploads\/2024\/07\/HD200_02.jpg\" title=\"HD200_02\" alt=\"HD200_02\" loading=\"lazy\" \/>            <\/div>\r\n        \r\n        <div class=\"service-title-holder btn_box\">\r\n            <div class=\"service-content-area\">\r\n                                                <div class=\"service-title no\">\r\n                    <h3 class=\"title\">\r\n                        <a href=\"https:\/\/www.mimaksan.com\/ar\/urunler\/hd-200-c-hidrolik-pres\/\" >\r\n                             \u0645\u0643\u0628\u0633 \u0647\u064a\u062f\u0631\u0648\u0644\u064a\u0643\u064a HD 200 C                        <\/a>\r\n                        <\/h3>\r\n                    <\/div>\r\n                            \r\n                                                <div class=\"service-desc\">\r\n                        \u062a\u0645 \u062a\u0635\u0645\u064a\u0645 \u0648\u0631\u0642\u0629 \u0627\u0644\u062f\u0639\u0645 \u0644\u0644\u0642\u0637\u0639 \u062d\u0633\u0628 \u0627\u0644\u0637\u0648\u0644.\n<br><br>                    <\/div>\r\n                                                        <div class=\"numbering\">\r\n                    <span>HD 200 C<\/span>\r\n                <\/div>\r\n                        <!-- Button Style -->\r\n                        <!-- Button Style End -->\r\n            <\/div>\r\n        <\/div>\r\n    <\/div>\r\n<\/div>                    <div class=\"grid-item col-lg-4 col-md-6\">\r\n    <div class=\"rs-service-slider\">\r\n                    <div class=\"service-img\">\r\n                <img decoding=\"async\" src=\"https:\/\/www.mimaksan.com\/wp-content\/uploads\/2024\/07\/HD200_CW_01-1.jpg\" title=\"HD200_CW_01\" alt=\"HD200_CW_01\" loading=\"lazy\" \/>            <\/div>\r\n        \r\n        <div class=\"service-title-holder btn_box\">\r\n            <div class=\"service-content-area\">\r\n                                                <div class=\"service-title no\">\r\n                    <h3 class=\"title\">\r\n                        <a href=\"https:\/\/www.mimaksan.com\/ar\/urunler\/hd-200-cw-destek-saci-boy-kesme-ve-kol-barel-delik-delme-hidrolik-pres\/\" >\r\n                              \u0645\u0643\u0628\u0633 \u0647\u064a\u062f\u0631\u0648\u0644\u064a\u0643\u064a HD 200 CW                         <\/a>\r\n                        <\/h3>\r\n                    <\/div>\r\n                            \r\n                                                <div class=\"service-desc\">\r\n                        \u062a\u0645 \u062a\u0635\u0645\u064a\u0645 \u0630\u0631\u0627\u0639 \u0644\u0648\u062d \u0627\u0644\u062f\u0639\u0645 \u0644\u062d\u0641\u0631 \u0627\u0644\u0628\u0631\u0627\u0645\u064a\u0644 \u0648\u0627\u0644\u0642\u0637\u0639 \u062d\u0633\u0628 \u0627\u0644\u0637\u0648\u0644.\n                    <\/div>\r\n                                                        <div class=\"numbering\">\r\n                    <span>HD 200 CW<\/span>\r\n                <\/div>\r\n                        <!-- Button Style -->\r\n                        <!-- Button Style End -->\r\n            <\/div>\r\n        <\/div>\r\n    <\/div>\r\n<\/div>                    <div class=\"grid-item col-lg-4 col-md-6\">\r\n    <div class=\"rs-service-slider\">\r\n                    <div class=\"service-img\">\r\n                <img decoding=\"async\" src=\"https:\/\/www.mimaksan.com\/wp-content\/uploads\/2024\/07\/P07_01-1.jpg\" title=\"P07_01\" alt=\"P07_01\" loading=\"lazy\" \/>            <\/div>\r\n        \r\n        <div class=\"service-title-holder btn_box\">\r\n            <div class=\"service-content-area\">\r\n                                                <div class=\"service-title no\">\r\n                    <h3 class=\"title\">\r\n                        <a href=\"https:\/\/www.mimaksan.com\/ar\/urunler\/p07-destek-sacina-kol-barel-delikleri-acma-pnomatik-pres\/\" >\r\n                             \u0645\u0643\u0628\u0633 \u0647\u0648\u0627\u0626\u064a P07                        <\/a>\r\n                        <\/h3>\r\n                    <\/div>\r\n                            \r\n                                                <div class=\"service-desc\">\r\n                        \u0625\u0646\u0647 \u0645\u0635\u0645\u0645 \u0644\u062d\u0641\u0631 \u062b\u0642\u0648\u0628 \u0627\u0644\u0631\u0627\u0641\u0639\u0629 \u0648\u0627\u0644\u0628\u0631\u0645\u064a\u0644 \u0641\u064a \u0644\u0648\u062d \u0627\u0644\u062f\u0639\u0645.\n                    <\/div>\r\n                                                        <div class=\"numbering\">\r\n                    <span>P 07<\/span>\r\n                <\/div>\r\n                        <!-- Button Style -->\r\n                        <!-- Button Style End -->\r\n            <\/div>\r\n        <\/div>\r\n    <\/div>\r\n<\/div>                    <div class=\"grid-item col-lg-4 col-md-6\">\r\n    <div class=\"rs-service-slider\">\r\n                    <div class=\"service-img\">\r\n                <img decoding=\"async\" src=\"https:\/\/www.mimaksan.com\/wp-content\/uploads\/2024\/07\/HP_Kademeli_Kesim_01-1.jpg\" title=\"HP_Kademeli_Kesim_01\" alt=\"HP_Kademeli_Kesim_01\" loading=\"lazy\" \/>            <\/div>\r\n        \r\n        <div class=\"service-title-holder btn_box\">\r\n            <div class=\"service-content-area\">\r\n                                                <div class=\"service-title no\">\r\n                    <h3 class=\"title\">\r\n                        <a href=\"https:\/\/www.mimaksan.com\/ar\/urunler\/hp-07-ispanyolet-kesme\/\" >\r\n                             \u0642\u0637\u0639 HP 07 \u0627\u0633\u0628\u0627\u0646\u064a\u0648\u0644\u064a\u062a                        <\/a>\r\n                        <\/h3>\r\n                    <\/div>\r\n                            \r\n                                                <div class=\"service-desc\">\r\n                        \u062a\u0645 \u062a\u0635\u0645\u064a\u0645 Espagnolette \u0644\u0644\u0642\u0637\u0639 \u0625\u0644\u0649 \u0627\u0644\u0637\u0648\u0644.\n<br><br>                    <\/div>\r\n                                                        <div class=\"numbering\">\r\n                    <span>HP 07<\/span>\r\n                <\/div>\r\n                        <!-- Button Style -->\r\n                        <!-- Button Style End -->\r\n            <\/div>\r\n        <\/div>\r\n    <\/div>\r\n<\/div>                    <div class=\"grid-item col-lg-4 col-md-6\">\r\n    <div class=\"rs-service-slider\">\r\n                    <div class=\"service-img\">\r\n                <img decoding=\"async\" src=\"https:\/\/www.mimaksan.com\/wp-content\/uploads\/2024\/07\/Duz_Kesim_01-1.jpg\" title=\"Du\u0308z_Kesim_01\" alt=\"Du\u0308z_Kesim_01\" loading=\"lazy\" \/>            <\/div>\r\n        \r\n        <div class=\"service-title-holder btn_box\">\r\n            <div class=\"service-content-area\">\r\n                                                <div class=\"service-title no\">\r\n                    <h3 class=\"title\">\r\n                        <a href=\"https:\/\/www.mimaksan.com\/ar\/urunler\/hp-05-kademeli-kesim\/\" >\r\n                             HP 05 \u0642\u0637\u0639 \u0627\u0644\u062e\u0637\u0648\u0629                        <\/a>\r\n                        <\/h3>\r\n                    <\/div>\r\n                            \r\n                                                <div class=\"service-desc\">\r\n                        \u00dcr\u00fcn amac\u0131 yaz\u0131lacak.<br><br>                    <\/div>\r\n                                                        <div class=\"numbering\">\r\n                    <span>HP 05<\/span>\r\n                <\/div>\r\n                        <!-- Button Style -->\r\n                        <!-- Button Style End -->\r\n            <\/div>\r\n        <\/div>\r\n    <\/div>\r\n<\/div>                            <\/div>\r\n                    <\/div>\r\n        \t\t<\/div>\n\t\t\t\t<\/div>\n\t\t\t\t\t<\/div>\n\t\t\t\t<\/div>\n\t\t\t\t<\/div>","protected":false},"excerpt":{"rendered":"<p>HD 200 C Hidrolik Pres Destek sac\u0131 boy kesme i\u00e7in tasarlanm\u0131\u015ft\u0131r. HD 200 C HD 200 CW Hidrolik Pres Destek sac\u0131 kol barel delme ve boy kesme i\u00e7in tasarlanm\u0131\u015ft\u0131r. HD 200 CW P07 Pn\u00f6matik Pres Destek sac\u0131na kol ve barel delikleri a\u00e7mak i\u00e7in tasarlanm\u0131\u015ft\u0131r. P 07 HP 07 \u0130spanyolet Kesme \u0130spanyolet boy kesmek i\u00e7in tasarlanm\u0131\u015ft\u0131r&#8230;.<\/p>","protected":false},"author":1,"featured_media":0,"parent":0,"menu_order":0,"comment_status":"closed","ping_status":"open","template":"elementor_header_footer","meta":{"rank_math_lock_modified_date":false,"footnotes":""},"class_list":["post-26","page","type-page","status-publish","hentry"],"_links":{"self":[{"href":"https:\/\/www.mimaksan.com\/ar\/wp-json\/wp\/v2\/pages\/26","targetHints":{"allow":["GET"]}}],"collection":[{"href":"https:\/\/www.mimaksan.com\/ar\/wp-json\/wp\/v2\/pages"}],"about":[{"href":"https:\/\/www.mimaksan.com\/ar\/wp-json\/wp\/v2\/types\/page"}],"author":[{"embeddable":true,"href":"https:\/\/www.mimaksan.com\/ar\/wp-json\/wp\/v2\/users\/1"}],"replies":[{"embeddable":true,"href":"https:\/\/www.mimaksan.com\/ar\/wp-json\/wp\/v2\/comments?post=26"}],"version-history":[{"count":5,"href":"https:\/\/www.mimaksan.com\/ar\/wp-json\/wp\/v2\/pages\/26\/revisions"}],"predecessor-version":[{"id":29947,"href":"https:\/\/www.mimaksan.com\/ar\/wp-json\/wp\/v2\/pages\/26\/revisions\/29947"}],"wp:attachment":[{"href":"https:\/\/www.mimaksan.com\/ar\/wp-json\/wp\/v2\/media?parent=26"}],"curies":[{"name":"wp","href":"https:\/\/api.w.org\/{rel}","templated":true}]}}